{"id":1636,"date":"2019-08-22T07:15:11","date_gmt":"2019-08-22T09:15:11","guid":{"rendered":"https:\/\/aplankyti.lt\/?page_id=1636"},"modified":"2019-08-22T07:15:11","modified_gmt":"2019-08-22T09:15:11","slug":"privatumo-politika-2","status":"publish","type":"page","link":"https:\/\/aplankyti.lt\/en\/privatumo-politika-2\/","title":{"rendered":"privacy policy"},"content":{"rendered":"<h2 class=\"wp-block-heading\">Who we are<\/h2>\n\n\n\n<p>The address of our website is: https:\/\/aplankyti.lt<\/p>\n\n\n\n<h2 class=\"wp-block-heading\">What personal data we collect and why we do it<\/h2>\n\n\n\n<h3 class=\"wp-block-heading\">Comments<\/h3>\n\n\n\n<p>When visitors post comments on a website, we collect the data visible in the comment posting form, as well as the visitor&#039;s IP address and browser user record, to protect us from spam.<\/p>\n\n\n\n<p>An anonymous hash may be generated from your email address and provided to your Gravatar service provider to verify that you are using this service. Gravatar&#039;s Privacy Policy is available here: https:\/\/automattic.com\/privacy\/. Once your comment has been approved, your profile photo will be publicly displayed next to your comment.<\/p>\n\n\n\n<h3 class=\"wp-block-heading\">Files<\/h3>\n\n\n\n<p>If you upload photos to a webpage, you should avoid uploading them with saved location data (EXIF GPS). Website visitors can download photos from the web page and extract location data from them.<\/p>\n\n\n\n<h3 class=\"wp-block-heading\">Contact Forms<\/h3>\n\n\n\n<h3 class=\"wp-block-heading\">Cookies<\/h3>\n\n\n\n<p>When you post a comment on this site, you can choose whether you want your name, email and website saved in cookies. This is done for your convenience so that you do not have to re-enter this data every time you comment. These cookies are stored for one year.<\/p>\n\n\n\n<p>If you have an account and log in to our site, we will create a temporary cookie to record whether your browser accepts cookies. This cookie does not store any personal information and is deleted when you close your browser.<\/p>\n\n\n\n<p>Kai J\u016bs prisijungiate, mes taip pat sukuriame kelis slapukus, kuriuose saugoma J\u016bs\u0173 prisijungimo informacija ir J\u016bs\u0173 ekrano rodymo pasirinkimai. Prisijungimo slapukai galioja 2 dienas, o ekrano nustatym\u0173 &#8211; vienerius metus. Jei J\u016bs pa\u017eymite pasirinkim\u0105 &#8222;Prisiminti mane&#8221;, J\u016bs\u0173 prisijungimo slapukas galios 2 savaites. Kai atsijungiate i\u0161 savo paskyros, prisijungimo slapukai i\u0161trinami.<\/p>\n\n\n\n<p>If you edit or publish a post, an additional cookie is stored in your browser. This cookie does not store personal data, but saves the ID of the post you have just edited or published. This cookie expires in 1 day.<\/p>\n\n\n\n<h3 class=\"wp-block-heading\">Content uploaded from other web pages<\/h3>\n\n\n\n<p>This web page may contain content (such as videos, pictures, text, etc.) uploaded from other web pages. Viewing and interacting with such uploaded content on this web page amounts to a visit to the web pages from which the content is uploaded.<\/p>\n\n\n\n<p>These websites may collect data about you, use cookies, third-party tracking services, and monitor your actions with uploaded content, including when you have an account and are logged in to those websites.<\/p>\n\n\n\n<h3 class=\"wp-block-heading\">Statistics<\/h3>\n\n\n\n<h2 class=\"wp-block-heading\">Who we share your data with<\/h2>\n\n\n\n<h2 class=\"wp-block-heading\">How long we keep your data<\/h2>\n\n\n\n<p>If you write a comment, its text and metadata are stored indefinitely. This is so that we can recognize and approve future comments automatically instead of the administrator&#039;s approval.<\/p>\n\n\n\n<p>When you sign up for our website and become a user, we store all your personal data that you submit to your account. Each user can view, edit and delete their personal data at any time (except for their username). Webmasters can also view and edit this data.<\/p>\n\n\n\n<h2 class=\"wp-block-heading\">Your rights<\/h2>\n\n\n\n<p>If you have an account on this site, or have ever commented here, you may request to receive a data export file containing all the personal data we hold about you, including those you have provided to us. You may also require us to delete any personal data we hold about you. These two requirements do not apply to data that we are required to retain by law for administrative, legal or security purposes.<\/p>\n\n\n\n<h2 class=\"wp-block-heading\">Where we send your data<\/h2>\n\n\n\n<p>Visitors&#039; comments can be checked using an automated spam search service.<\/p>\n\n\n\n<h2 class=\"wp-block-heading\">Contact information<\/h2>\n\n\n\n<h2 class=\"wp-block-heading\">additional information<\/h2>\n\n\n\n<h3 class=\"wp-block-heading\">How we store your data<\/h3>\n\n\n\n<h3 class=\"wp-block-heading\">What data protection procedures we use<\/h3>\n\n\n\n<h3 class=\"wp-block-heading\">From which third parties we receive data<\/h3>\n\n\n\n<h3 class=\"wp-block-heading\">What automated decisions and \/ or profiling we make using your data<\/h3>\n\n\n\n<h3 class=\"wp-block-heading\">Regulated activity information<\/h3>","protected":false},"excerpt":{"rendered":"<p>Kas mes esame M\u016bs\u0173 tinklalapio adresas yra: https:\/\/aplankyti.lt Kokius asmeninius duomenis mes renkame ir kod\u0117l tai darome Komentarai Kai lankytojai ra\u0161o komentarus tinklalapyje, mes renkame duomenis, matomus komentaro paskelbimo formoje, o taip pat lankytojo IP adres\u0105 bei nar\u0161ykl\u0117s vartotojo \u012fra\u0161\u0105, kad apsisaugotume nuo brukal\u0173. I\u0161 J\u016bs\u0173 el.pa\u0161to adreso gali b\u016bti sugeneruotas anonimizuotas duomen\u0173 \u012fra\u0161as (angl&#8230;.<\/p>","protected":false},"author":1,"featured_media":0,"parent":0,"menu_order":0,"comment_status":"closed","ping_status":"closed","template":"","meta":{"footnotes":""},"class_list":["post-1636","page","type-page","status-publish","hentry"],"yoast_head":"<!-- This site is optimized with the Yoast SEO plugin v27.5 - https:\/\/yoast.com\/product\/yoast-seo-wordpress\/ -->\n<title>Privatumo politika - K\u0105 aplankyti kelion\u0117je - aplankyti.lt<\/title>\n<meta name=\"robots\" content=\"index, follow, max-snippet:-1, max-image-preview:large, max-video-preview:-1\" \/>\n<link rel=\"canonical\" href=\"https:\/\/aplankyti.lt\/en\/privatumo-politika-2\/\" class=\"yoast-seo-meta-tag\" \/>\n<meta property=\"og:locale\" content=\"en_US\" class=\"yoast-seo-meta-tag\" \/>\n<meta property=\"og:type\" content=\"article\" class=\"yoast-seo-meta-tag\" \/>\n<meta property=\"og:title\" content=\"Privatumo politika - K\u0105 aplankyti kelion\u0117je - aplankyti.lt\" class=\"yoast-seo-meta-tag\" \/>\n<meta property=\"og:description\" content=\"Kas mes esame M\u016bs\u0173 tinklalapio adresas yra: https:\/\/aplankyti.lt Kokius asmeninius duomenis mes renkame ir kod\u0117l tai darome Komentarai Kai lankytojai ra\u0161o komentarus tinklalapyje, mes renkame duomenis, matomus komentaro paskelbimo formoje, o taip pat lankytojo IP adres\u0105 bei nar\u0161ykl\u0117s vartotojo \u012fra\u0161\u0105, kad apsisaugotume nuo brukal\u0173. I\u0161 J\u016bs\u0173 el.pa\u0161to adreso gali b\u016bti sugeneruotas anonimizuotas duomen\u0173 \u012fra\u0161as (angl....\" class=\"yoast-seo-meta-tag\" \/>\n<meta property=\"og:url\" content=\"https:\/\/aplankyti.lt\/en\/privatumo-politika-2\/\" class=\"yoast-seo-meta-tag\" \/>\n<meta property=\"og:site_name\" content=\"K\u0105 aplankyti kelion\u0117je - aplankyti.lt\" class=\"yoast-seo-meta-tag\" \/>\n<meta name=\"twitter:card\" content=\"summary_large_image\" class=\"yoast-seo-meta-tag\" \/>\n<meta name=\"twitter:label1\" content=\"Est. reading time\" class=\"yoast-seo-meta-tag\" \/>\n\t<meta name=\"twitter:data1\" content=\"3 minutes\" class=\"yoast-seo-meta-tag\" \/>\n<script type=\"application\/ld+json\" class=\"yoast-schema-graph\">{\"@context\":\"https:\\\/\\\/schema.org\",\"@graph\":[{\"@type\":\"WebPage\",\"@id\":\"https:\\\/\\\/aplankyti.lt\\\/privatumo-politika-2\\\/\",\"url\":\"https:\\\/\\\/aplankyti.lt\\\/privatumo-politika-2\\\/\",\"name\":\"Privatumo politika - K\u0105 aplankyti kelion\u0117je - aplankyti.lt\",\"isPartOf\":{\"@id\":\"https:\\\/\\\/aplankyti.lt\\\/#website\"},\"datePublished\":\"2019-08-22T09:15:11+00:00\",\"breadcrumb\":{\"@id\":\"https:\\\/\\\/aplankyti.lt\\\/privatumo-politika-2\\\/#breadcrumb\"},\"inLanguage\":\"en-US\",\"potentialAction\":[{\"@type\":\"ReadAction\",\"target\":[\"https:\\\/\\\/aplankyti.lt\\\/privatumo-politika-2\\\/\"]}]},{\"@type\":\"BreadcrumbList\",\"@id\":\"https:\\\/\\\/aplankyti.lt\\\/privatumo-politika-2\\\/#breadcrumb\",\"itemListElement\":[{\"@type\":\"ListItem\",\"position\":1,\"name\":\"Home\",\"item\":\"https:\\\/\\\/aplankyti.lt\\\/\"},{\"@type\":\"ListItem\",\"position\":2,\"name\":\"Privatumo politika\"}]},{\"@type\":\"WebSite\",\"@id\":\"https:\\\/\\\/aplankyti.lt\\\/#website\",\"url\":\"https:\\\/\\\/aplankyti.lt\\\/\",\"name\":\"K\u0105 aplankyti kelioni\u0173 kelion\u0117je\",\"description\":\"Kelioni\u0173 kelion\u0117: kur keliauti? K\u0105 pamatyti? \",\"publisher\":{\"@id\":\"https:\\\/\\\/aplankyti.lt\\\/#\\\/schema\\\/person\\\/3f6f4b33b0bdcd676bb710171306b423\"},\"potentialAction\":[{\"@type\":\"SearchAction\",\"target\":{\"@type\":\"EntryPoint\",\"urlTemplate\":\"https:\\\/\\\/aplankyti.lt\\\/?s={search_term_string}\"},\"query-input\":{\"@type\":\"PropertyValueSpecification\",\"valueRequired\":true,\"valueName\":\"search_term_string\"}}],\"inLanguage\":\"en-US\"},{\"@type\":[\"Person\",\"Organization\"],\"@id\":\"https:\\\/\\\/aplankyti.lt\\\/#\\\/schema\\\/person\\\/3f6f4b33b0bdcd676bb710171306b423\",\"name\":\"Keliautoja\",\"image\":{\"@type\":\"ImageObject\",\"inLanguage\":\"en-US\",\"@id\":\"https:\\\/\\\/aplankyti.lt\\\/wp-content\\\/uploads\\\/avatars\\\/1\\\/5d62df268c817-bpfull.jpg\",\"url\":\"https:\\\/\\\/aplankyti.lt\\\/wp-content\\\/uploads\\\/avatars\\\/1\\\/5d62df268c817-bpfull.jpg\",\"contentUrl\":\"https:\\\/\\\/aplankyti.lt\\\/wp-content\\\/uploads\\\/avatars\\\/1\\\/5d62df268c817-bpfull.jpg\",\"caption\":\"Keliautoja\"},\"logo\":{\"@id\":\"https:\\\/\\\/aplankyti.lt\\\/wp-content\\\/uploads\\\/avatars\\\/1\\\/5d62df268c817-bpfull.jpg\"}}]}<\/script>\n<!-- \/ Yoast SEO plugin. -->","yoast_head_json":{"title":"Privatumo politika - K\u0105 aplankyti kelion\u0117je - aplankyti.lt","robots":{"index":"index","follow":"follow","max-snippet":"max-snippet:-1","max-image-preview":"max-image-preview:large","max-video-preview":"max-video-preview:-1"},"canonical":"https:\/\/aplankyti.lt\/en\/privatumo-politika-2\/","og_locale":"en_US","og_type":"article","og_title":"Privatumo politika - K\u0105 aplankyti kelion\u0117je - aplankyti.lt","og_description":"Kas mes esame M\u016bs\u0173 tinklalapio adresas yra: https:\/\/aplankyti.lt Kokius asmeninius duomenis mes renkame ir kod\u0117l tai darome Komentarai Kai lankytojai ra\u0161o komentarus tinklalapyje, mes renkame duomenis, matomus komentaro paskelbimo formoje, o taip pat lankytojo IP adres\u0105 bei nar\u0161ykl\u0117s vartotojo \u012fra\u0161\u0105, kad apsisaugotume nuo brukal\u0173. I\u0161 J\u016bs\u0173 el.pa\u0161to adreso gali b\u016bti sugeneruotas anonimizuotas duomen\u0173 \u012fra\u0161as (angl....","og_url":"https:\/\/aplankyti.lt\/en\/privatumo-politika-2\/","og_site_name":"K\u0105 aplankyti kelion\u0117je - aplankyti.lt","twitter_card":"summary_large_image","twitter_misc":{"Est. reading time":"3 minutes"},"schema":{"@context":"https:\/\/schema.org","@graph":[{"@type":"WebPage","@id":"https:\/\/aplankyti.lt\/privatumo-politika-2\/","url":"https:\/\/aplankyti.lt\/privatumo-politika-2\/","name":"Privatumo politika - K\u0105 aplankyti kelion\u0117je - aplankyti.lt","isPartOf":{"@id":"https:\/\/aplankyti.lt\/#website"},"datePublished":"2019-08-22T09:15:11+00:00","breadcrumb":{"@id":"https:\/\/aplankyti.lt\/privatumo-politika-2\/#breadcrumb"},"inLanguage":"en-US","potentialAction":[{"@type":"ReadAction","target":["https:\/\/aplankyti.lt\/privatumo-politika-2\/"]}]},{"@type":"BreadcrumbList","@id":"https:\/\/aplankyti.lt\/privatumo-politika-2\/#breadcrumb","itemListElement":[{"@type":"ListItem","position":1,"name":"Home","item":"https:\/\/aplankyti.lt\/"},{"@type":"ListItem","position":2,"name":"Privatumo politika"}]},{"@type":"WebSite","@id":"https:\/\/aplankyti.lt\/#website","url":"https:\/\/aplankyti.lt\/","name":"K\u0105 aplankyti kelioni\u0173 kelion\u0117je","description":"Where to Travel now","publisher":{"@id":"https:\/\/aplankyti.lt\/#\/schema\/person\/3f6f4b33b0bdcd676bb710171306b423"},"potentialAction":[{"@type":"SearchAction","target":{"@type":"EntryPoint","urlTemplate":"https:\/\/aplankyti.lt\/?s={search_term_string}"},"query-input":{"@type":"PropertyValueSpecification","valueRequired":true,"valueName":"search_term_string"}}],"inLanguage":"en-US"},{"@type":["Person","Organization"],"@id":"https:\/\/aplankyti.lt\/#\/schema\/person\/3f6f4b33b0bdcd676bb710171306b423","name":"Traveler","image":{"@type":"ImageObject","inLanguage":"en-US","@id":"https:\/\/aplankyti.lt\/wp-content\/uploads\/avatars\/1\/5d62df268c817-bpfull.jpg","url":"https:\/\/aplankyti.lt\/wp-content\/uploads\/avatars\/1\/5d62df268c817-bpfull.jpg","contentUrl":"https:\/\/aplankyti.lt\/wp-content\/uploads\/avatars\/1\/5d62df268c817-bpfull.jpg","caption":"Keliautoja"},"logo":{"@id":"https:\/\/aplankyti.lt\/wp-content\/uploads\/avatars\/1\/5d62df268c817-bpfull.jpg"}}]}},"_links":{"self":[{"href":"https:\/\/aplankyti.lt\/en\/wp-json\/wp\/v2\/pages\/1636","targetHints":{"allow":["GET"]}}],"collection":[{"href":"https:\/\/aplankyti.lt\/en\/wp-json\/wp\/v2\/pages"}],"about":[{"href":"https:\/\/aplankyti.lt\/en\/wp-json\/wp\/v2\/types\/page"}],"author":[{"embeddable":true,"href":"https:\/\/aplankyti.lt\/en\/wp-json\/wp\/v2\/users\/1"}],"replies":[{"embeddable":true,"href":"https:\/\/aplankyti.lt\/en\/wp-json\/wp\/v2\/comments?post=1636"}],"version-history":[{"count":1,"href":"https:\/\/aplankyti.lt\/en\/wp-json\/wp\/v2\/pages\/1636\/revisions"}],"predecessor-version":[{"id":1637,"href":"https:\/\/aplankyti.lt\/en\/wp-json\/wp\/v2\/pages\/1636\/revisions\/1637"}],"wp:attachment":[{"href":"https:\/\/aplankyti.lt\/en\/wp-json\/wp\/v2\/media?parent=1636"}],"curies":[{"name":"wp","href":"https:\/\/api.w.org\/{rel}","templated":true}]}}