{"id":484,"date":"2016-07-12T09:53:30","date_gmt":"2016-07-12T09:53:30","guid":{"rendered":"http:\/\/boombox.px-lab.com\/?page_id=484"},"modified":"2016-07-12T09:53:30","modified_gmt":"2016-07-12T09:53:30","slug":"contact","status":"publish","type":"page","link":"https:\/\/aplankyti.lt\/en\/contact\/","title":{"rendered":"Contact Us"},"content":{"rendered":"<h4>Do you have other questions? Don&#039;t worry, there aren&#039;t any dumb questions.<\/h4>\n<p>Just fill out the form below and we&#039;ll get back to you as soon as possible<br \/>\n(usually within one business day).<\/p>\n\t<div class=\"bb-contact-form-block\">\r\n\t\t<div class=\"bb-contact-form-msg bb-txt-msg\"><\/div>\r\n\t\t<form class=\"bb-contact-form\" action=\"http:\/\/contact_form\" data-trp-original-action=\"contact_form\">\r\n\t\t\t<div class=\"bb-form-block\">\r\n\t\t\t\t<div class=\"row\">\r\n\t\t\t\t\t<div class=\"input-field col-lg-6 col-sm-6\">\r\n\t\t\t\t\t\t<input name=\"boombox_name\" type=\"text\" placeholder=\"Name *\">\r\n\t\t\t\t\t<\/div>\r\n\t\t\t\t\t<div class=\"input-field col-lg-6 col-sm-6\">\r\n\t\t\t\t\t\t<input name=\"boombox_email\" type=\"email\" placeholder=\"Email *\">\r\n\t\t\t\t\t<\/div>\r\n\t\t\t\t\t<div class=\"col-lg-12 input-field\">\r\n\t\t\t\t\t\t<textarea name=\"boombox_comment\" placeholder=\"Your Message *\"><\/textarea>\r\n\t\t\t\t\t<\/div>\r\n\t\t\t\t<\/div>\r\n\t\t\t<\/div>\r\n\r\n\t\t\t\r\n\t\t\t<div class=\"bb-form-row-actions\">\r\n\t\t\t\t\t\t\t\t\t<div class=\"captcha-col\">\r\n\t\t\t\t\t\t\r\n\t\t\t\t\t\t\t<div class=\"captcha-container loading\">\r\n\t\t\t\t\t\t\t\t<div class=\"form-captcha\">\r\n\t\t\t\t\t\t\t\t\t<img decoding=\"async\" src=\"\" alt=\"Captcha!\" class=\"captcha\" \/>\r\n\t\t\t\t\t\t\t\t\t<a href=\"#refresh-captcha\" class=\"boombox-refresh-captcha refresh-captcha\"><\/a>\r\n\t\t\t\t\t\t\t\t<\/div>\r\n\t\t\t\t\t\t\t\t<input type=\"text\" name=\"boombox_captcha_code\" class=\"required\" placeholder=\"Enter captcha\">\r\n\t\t\t\t\t\t\t<\/div>\r\n\r\n\t\t\t\t\t\t\t\t\t\t\t<\/div>\r\n\t\t\t\t\t\t\t\t<div class=\"btn-col\">\r\n\t\t\t\t\t<div class=\"input-field form-submit\">\r\n\t\t\t\t\t\t<input name=\"submit\" type=\"submit\" id=\"submit\" class=\"submit pull-right\" value=\"Submit Your Message\" \/>\r\n\t\t\t\t\t<\/div>\r\n\t\t\t\t<\/div>\r\n\t\t\t<\/div>\r\n\r\n\t\t<input type=\"hidden\" name=\"trp-form-language\" value=\"en\"\/><\/form>\r\n\t<\/div>","protected":false},"excerpt":{"rendered":"<p>Do you have other questions? Don\u2019t worry, there aren\u2019t any dumb questions. Just fill out the form below and we\u2019ll get back to you as soon as possible (usually within one business day).<\/p>","protected":false},"author":1,"featured_media":0,"parent":0,"menu_order":0,"comment_status":"closed","ping_status":"closed","template":"","meta":{"footnotes":""},"class_list":["post-484","page","type-page","status-publish","hentry"],"yoast_head":"<!-- This site is optimized with the Yoast SEO plugin v27.3 - https:\/\/yoast.com\/product\/yoast-seo-wordpress\/ -->\n<title>Contact Us - K\u0105 aplankyti kelion\u0117je - aplankyti.lt<\/title>\n<meta name=\"robots\" content=\"index, follow, max-snippet:-1, max-image-preview:large, max-video-preview:-1\" \/>\n<link rel=\"canonical\" href=\"https:\/\/aplankyti.lt\/en\/contact\/\" class=\"yoast-seo-meta-tag\" \/>\n<meta property=\"og:locale\" content=\"en_US\" class=\"yoast-seo-meta-tag\" \/>\n<meta property=\"og:type\" content=\"article\" class=\"yoast-seo-meta-tag\" \/>\n<meta property=\"og:title\" content=\"Contact Us - K\u0105 aplankyti kelion\u0117je - aplankyti.lt\" class=\"yoast-seo-meta-tag\" \/>\n<meta property=\"og:description\" content=\"Do you have other questions? Don\u2019t worry, there aren\u2019t any dumb questions. Just fill out the form below and we\u2019ll get back to you as soon as possible (usually within one business day).\" class=\"yoast-seo-meta-tag\" \/>\n<meta property=\"og:url\" content=\"https:\/\/aplankyti.lt\/en\/contact\/\" class=\"yoast-seo-meta-tag\" \/>\n<meta property=\"og:site_name\" content=\"K\u0105 aplankyti kelion\u0117je - aplankyti.lt\" class=\"yoast-seo-meta-tag\" \/>\n<meta name=\"twitter:card\" content=\"summary_large_image\" class=\"yoast-seo-meta-tag\" \/>\n<script type=\"application\/ld+json\" class=\"yoast-schema-graph\">{\"@context\":\"https:\\\/\\\/schema.org\",\"@graph\":[{\"@type\":\"WebPage\",\"@id\":\"https:\\\/\\\/aplankyti.lt\\\/contact\\\/\",\"url\":\"https:\\\/\\\/aplankyti.lt\\\/contact\\\/\",\"name\":\"Contact Us - K\u0105 aplankyti kelion\u0117je - aplankyti.lt\",\"isPartOf\":{\"@id\":\"https:\\\/\\\/aplankyti.lt\\\/#website\"},\"datePublished\":\"2016-07-12T09:53:30+00:00\",\"breadcrumb\":{\"@id\":\"https:\\\/\\\/aplankyti.lt\\\/contact\\\/#breadcrumb\"},\"inLanguage\":\"en-US\",\"potentialAction\":[{\"@type\":\"ReadAction\",\"target\":[\"https:\\\/\\\/aplankyti.lt\\\/contact\\\/\"]}]},{\"@type\":\"BreadcrumbList\",\"@id\":\"https:\\\/\\\/aplankyti.lt\\\/contact\\\/#breadcrumb\",\"itemListElement\":[{\"@type\":\"ListItem\",\"position\":1,\"name\":\"Home\",\"item\":\"https:\\\/\\\/aplankyti.lt\\\/\"},{\"@type\":\"ListItem\",\"position\":2,\"name\":\"Contact Us\"}]},{\"@type\":\"WebSite\",\"@id\":\"https:\\\/\\\/aplankyti.lt\\\/#website\",\"url\":\"https:\\\/\\\/aplankyti.lt\\\/\",\"name\":\"K\u0105 aplankyti kelioni\u0173 kelion\u0117je\",\"description\":\"Kelioni\u0173 kelion\u0117: kur keliauti? K\u0105 pamatyti? \",\"publisher\":{\"@id\":\"https:\\\/\\\/aplankyti.lt\\\/#\\\/schema\\\/person\\\/3f6f4b33b0bdcd676bb710171306b423\"},\"potentialAction\":[{\"@type\":\"SearchAction\",\"target\":{\"@type\":\"EntryPoint\",\"urlTemplate\":\"https:\\\/\\\/aplankyti.lt\\\/?s={search_term_string}\"},\"query-input\":{\"@type\":\"PropertyValueSpecification\",\"valueRequired\":true,\"valueName\":\"search_term_string\"}}],\"inLanguage\":\"en-US\"},{\"@type\":[\"Person\",\"Organization\"],\"@id\":\"https:\\\/\\\/aplankyti.lt\\\/#\\\/schema\\\/person\\\/3f6f4b33b0bdcd676bb710171306b423\",\"name\":\"Keliautoja\",\"image\":{\"@type\":\"ImageObject\",\"inLanguage\":\"en-US\",\"@id\":\"https:\\\/\\\/aplankyti.lt\\\/wp-content\\\/uploads\\\/avatars\\\/1\\\/5d62df268c817-bpfull.jpg\",\"url\":\"https:\\\/\\\/aplankyti.lt\\\/wp-content\\\/uploads\\\/avatars\\\/1\\\/5d62df268c817-bpfull.jpg\",\"contentUrl\":\"https:\\\/\\\/aplankyti.lt\\\/wp-content\\\/uploads\\\/avatars\\\/1\\\/5d62df268c817-bpfull.jpg\",\"caption\":\"Keliautoja\"},\"logo\":{\"@id\":\"https:\\\/\\\/aplankyti.lt\\\/wp-content\\\/uploads\\\/avatars\\\/1\\\/5d62df268c817-bpfull.jpg\"}}]}<\/script>\n<!-- \/ Yoast SEO plugin. -->","yoast_head_json":{"title":"Contact Us - K\u0105 aplankyti kelion\u0117je - aplankyti.lt","robots":{"index":"index","follow":"follow","max-snippet":"max-snippet:-1","max-image-preview":"max-image-preview:large","max-video-preview":"max-video-preview:-1"},"canonical":"https:\/\/aplankyti.lt\/en\/contact\/","og_locale":"en_US","og_type":"article","og_title":"Contact Us - K\u0105 aplankyti kelion\u0117je - aplankyti.lt","og_description":"Do you have other questions? Don\u2019t worry, there aren\u2019t any dumb questions. Just fill out the form below and we\u2019ll get back to you as soon as possible (usually within one business day).","og_url":"https:\/\/aplankyti.lt\/en\/contact\/","og_site_name":"K\u0105 aplankyti kelion\u0117je - aplankyti.lt","twitter_card":"summary_large_image","schema":{"@context":"https:\/\/schema.org","@graph":[{"@type":"WebPage","@id":"https:\/\/aplankyti.lt\/contact\/","url":"https:\/\/aplankyti.lt\/contact\/","name":"Contact Us - K\u0105 aplankyti kelion\u0117je - aplankyti.lt","isPartOf":{"@id":"https:\/\/aplankyti.lt\/#website"},"datePublished":"2016-07-12T09:53:30+00:00","breadcrumb":{"@id":"https:\/\/aplankyti.lt\/contact\/#breadcrumb"},"inLanguage":"en-US","potentialAction":[{"@type":"ReadAction","target":["https:\/\/aplankyti.lt\/contact\/"]}]},{"@type":"BreadcrumbList","@id":"https:\/\/aplankyti.lt\/contact\/#breadcrumb","itemListElement":[{"@type":"ListItem","position":1,"name":"Home","item":"https:\/\/aplankyti.lt\/"},{"@type":"ListItem","position":2,"name":"Contact Us"}]},{"@type":"WebSite","@id":"https:\/\/aplankyti.lt\/#website","url":"https:\/\/aplankyti.lt\/","name":"K\u0105 aplankyti kelioni\u0173 kelion\u0117je","description":"Where to Travel now","publisher":{"@id":"https:\/\/aplankyti.lt\/#\/schema\/person\/3f6f4b33b0bdcd676bb710171306b423"},"potentialAction":[{"@type":"SearchAction","target":{"@type":"EntryPoint","urlTemplate":"https:\/\/aplankyti.lt\/?s={search_term_string}"},"query-input":{"@type":"PropertyValueSpecification","valueRequired":true,"valueName":"search_term_string"}}],"inLanguage":"en-US"},{"@type":["Person","Organization"],"@id":"https:\/\/aplankyti.lt\/#\/schema\/person\/3f6f4b33b0bdcd676bb710171306b423","name":"Traveler","image":{"@type":"ImageObject","inLanguage":"en-US","@id":"https:\/\/aplankyti.lt\/wp-content\/uploads\/avatars\/1\/5d62df268c817-bpfull.jpg","url":"https:\/\/aplankyti.lt\/wp-content\/uploads\/avatars\/1\/5d62df268c817-bpfull.jpg","contentUrl":"https:\/\/aplankyti.lt\/wp-content\/uploads\/avatars\/1\/5d62df268c817-bpfull.jpg","caption":"Keliautoja"},"logo":{"@id":"https:\/\/aplankyti.lt\/wp-content\/uploads\/avatars\/1\/5d62df268c817-bpfull.jpg"}}]}},"_links":{"self":[{"href":"https:\/\/aplankyti.lt\/en\/wp-json\/wp\/v2\/pages\/484","targetHints":{"allow":["GET"]}}],"collection":[{"href":"https:\/\/aplankyti.lt\/en\/wp-json\/wp\/v2\/pages"}],"about":[{"href":"https:\/\/aplankyti.lt\/en\/wp-json\/wp\/v2\/types\/page"}],"author":[{"embeddable":true,"href":"https:\/\/aplankyti.lt\/en\/wp-json\/wp\/v2\/users\/1"}],"replies":[{"embeddable":true,"href":"https:\/\/aplankyti.lt\/en\/wp-json\/wp\/v2\/comments?post=484"}],"version-history":[{"count":0,"href":"https:\/\/aplankyti.lt\/en\/wp-json\/wp\/v2\/pages\/484\/revisions"}],"wp:attachment":[{"href":"https:\/\/aplankyti.lt\/en\/wp-json\/wp\/v2\/media?parent=484"}],"curies":[{"name":"wp","href":"https:\/\/api.w.org\/{rel}","templated":true}]}}